{"id":7,"date":"2017-04-18T14:01:27","date_gmt":"2017-04-18T14:01:27","guid":{"rendered":"https:\/\/mchairtransplant.com\/?page_id=7"},"modified":"2026-04-13T11:43:08","modified_gmt":"2026-04-13T11:43:08","slug":"about-1","status":"publish","type":"page","link":"https:\/\/mchairtransplant.com\/index.php\/about-1\/","title":{"rendered":"Confidently Be Yourself Again!"},"content":{"rendered":"<div class=\"wpb-content-wrapper\"><p>[vc_row css=&#8221;.vc_custom_1499255848603{padding-top: 7.8em !important;padding-bottom: 5.8em !important;}&#8221;][vc_column width=&#8221;1\/2&#8243; icons_position=&#8221;left&#8221; css=&#8221;.vc_custom_1499255854726{margin-bottom: 2em !important;padding-right: 10% !important;}&#8221;]<div id=\"sc_title_483830590\"\n\t\tclass=\"sc_title color_style_default sc_title_default\"><h6 class=\"sc_item_subtitle sc_title_subtitle sc_align_left sc_item_title_style_default\">welcome!<\/h6><h2 class=\"sc_item_title sc_title_title sc_align_left sc_item_title_style_default sc_item_title_tag\">MC Hair Transplant The Name of Trust and Quality in Hair Transplantation in Nigeria!<\/h2><div class=\"sc_item_descr sc_title_descr sc_align_left\"><p>MC Hair Transplant Clinic operates as a leading center in Nigeria, combining years of experience in hair transplantation and hair health with modern technology and a patient-centered service approach. Since our establishment, our primary goal has been not only to meet the hair transplant needs of our clients but also to enhance their self-confidence, improve their quality of life, and fulfill their aesthetic expectations in the most natural way.<br \/>\nOur clinic offers a modern environment equipped to international standards, with hygienic conditions and state-of-the-art technology. Personalized treatment plans are developed for each patient, supported by the meticulous evaluations and tailored solutions provided by our expert physicians. MC Hair Transplant is not just a hair transplant center; it is a symbol of trust, transparency, and professionalism.<br \/>\nOur aim is to ensure that every client feels valued and confident, making the treatment process comfortable through clear communication and comprehensive guidance at every stage. Thanks to this approach, MC Hair Transplant has become one of the leading centers in Nigeria, offering not only results-oriented but also patient satisfaction- and trust-focused hair transplant experiences.<\/p>\n<\/div><div class=\"sc_item_button sc_item_button_default sc_title_button sc_align_left sc_button_wrap sc_align_left\"><a href=\"https:\/\/mchairtransplant.com\/index.php\/our-services\/ \"target=\"_self\" id=\"sc_button_280689456\" class=\"sc_button color_style_default sc_button_default sc_button_size_normal sc_button_icon_left\"><span class=\"sc_button_text\"><span class=\"sc_button_title\">more about us<\/span><\/span><!-- \/.sc_button_text --><\/a><!-- \/.sc_button --><\/div><!-- \/.sc_item_button sc_item_button_default sc_title_button sc_align_left --><\/div><!-- \/.sc_title -->[\/vc_column][vc_column width=&#8221;1\/2&#8243; icons_position=&#8221;left&#8221; css=&#8221;.vc_custom_1499255858926{margin-bottom: 2em !important;}&#8221;][vc_single_image image=&#8221;1323&#8243; img_size=&#8221;full&#8221; css=&#8221;&#8221;][\/vc_column][\/vc_row][vc_row full_width=&#8221;stretch_row_content_no_spaces&#8221;][vc_column icons_position=&#8221;left&#8221;]<div  id=\"sc_promo_840140545\" \n\tclass=\"sc_promo color_style_dark sc_promo_default sc_promo_size_normal sc_promo_image_position_left\"><div class=\"sc_promo_image\" style=\"background-image:url(https:\/\/mchairtransplant.com\/wp-content\/uploads\/2026\/03\/IMG_9846.png);width:100%;left: 0;\"><\/div><div class=\"sc_promo_text\" style=\"width: 0%;float: right;\">\n\t\t\t<div class=\"sc_promo_text_inner sc_align_center sc_content_width_0%\" style=\"background-color:#00000087;\"><div class=\"sc_promo_content sc_item_content\">[vc_column_text css=&#8221;&#8221; scheme=&#8221;dark&#8221;]<\/p>\n<h2>See the Transformation, Feel the Difference with MC Hair Transplant.<\/h2>\n<p>[\/vc_column_text][vc_column_text scheme=&#8221;dark&#8221;]<span class=\"trx_addons_great_vibes\">let us help!<\/span>[\/vc_column_text]<a href=\"https:\/\/mchairtransplant.com\/index.php\/our-services\/ \"target=\"_self\" id=\"sc_button_1018055636\" class=\"sc_button color_style_default sc_button_default  vc_custom_1757597169515 sc_button_size_large sc_button_icon_left\"><span class=\"sc_button_text\"><span class=\"sc_button_title\">learn more<\/span><\/span><!-- \/.sc_button_text --><\/a><!-- \/.sc_button --><\/div><\/div>\n\t\t<\/div><!-- \/.sc_promo_text --><\/div><!-- \/.sc_promo -->[\/vc_column][\/vc_row][vc_row css=&#8221;.vc_custom_1498482032573{padding-top: 7.8em !important;padding-bottom: 6.8em !important;}&#8221;][vc_column]<div class=\"sc_team color_style_default sc_team_short\"><h6 class=\"sc_item_subtitle sc_team_subtitle sc_align_left sc_item_title_style_default\">our professionals<\/h6><h2 class=\"sc_item_title sc_team_title sc_align_left sc_item_title_style_default sc_item_title_tag\">Meet the Team<\/h2><div class=\"sc_team_columns_wrap sc_item_columns trx_addons_columns_wrap columns_padding_bottom\"><div class=\"trx_addons_column-1_3\"><div class=\"sc_team_item\">\n\t<div class=\"post_featured sc_team_item_thumb trx_addons_hover trx_addons_hover_style_info\">\n\t\t\t\t\t\t\t\t\t\t<a href=\"https:\/\/mchairtransplant.com\/index.php\/team\/robert-perkins\/\" aria-hidden=\"true\"><img loading=\"lazy\" decoding=\"async\" width=\"370\" height=\"370\" src=\"https:\/\/mchairtransplant.com\/wp-content\/uploads\/2017\/04\/image-44-370x370.jpg\" class=\"attachment-trx_addons-thumb-avatar size-trx_addons-thumb-avatar wp-post-image\" alt=\"Mahmut POLAT\" srcset=\"https:\/\/mchairtransplant.com\/wp-content\/uploads\/2017\/04\/image-44-370x370.jpg 370w, https:\/\/mchairtransplant.com\/wp-content\/uploads\/2017\/04\/image-44-150x150.jpg 150w, https:\/\/mchairtransplant.com\/wp-content\/uploads\/2017\/04\/image-44-115x115.jpg 115w, https:\/\/mchairtransplant.com\/wp-content\/uploads\/2017\/04\/image-44-600x600.jpg 600w, https:\/\/mchairtransplant.com\/wp-content\/uploads\/2017\/04\/image-44-100x100.jpg 100w\" sizes=\"auto, (max-width: 370px) 100vw, 370px\" \/><\/a>\n\t\t\t\t\t<div class=\"trx_addons_hover_content\"><div class=\"sc_team_item_socials socials_wrap trx_addons_hover_info\"><a target=\"_blank\" href=\"https:\/\/twitter.com\/\" class=\"social_item social_item_style_icons social_item_type_icons\"><span class=\"social_icon social_twitter-1\"><span class=\"icon-twitter-1\"><\/span><\/span><\/a><a target=\"_blank\" href=\"https:\/\/www.facebook.com\/\" class=\"social_item social_item_style_icons social_item_type_icons\"><span class=\"social_icon social_facebook\"><span class=\"icon-facebook\"><\/span><\/span><\/a><a target=\"_blank\" href=\"https:\/\/www.instagram.com\/\" class=\"social_item social_item_style_icons social_item_type_icons\"><span class=\"social_icon social_instagramm\"><span class=\"icon-instagramm\"><\/span><\/span><\/a><\/div><\/div><div class=\"trx_addons_hover_mask\"><\/div><\/div>\t<div class=\"sc_team_item_info\">\n\t\t<div class=\"sc_team_item_header\">\n\t\t\t<h4 class=\"sc_team_item_title\"><a href=\"https:\/\/mchairtransplant.com\/index.php\/team\/robert-perkins\/\">Mahmut POLAT<\/a><\/h4>\n\t\t\t<div class=\"sc_team_item_subtitle\">Trichologist<\/div>\n\t\t<\/div>\n\t<\/div>\n<\/div>\n<\/div><div class=\"trx_addons_column-1_3\"><div class=\"sc_team_item\">\n\t<div class=\"post_featured sc_team_item_thumb trx_addons_hover trx_addons_hover_style_info\">\n\t\t\t\t\t\t\t\t\t\t<a href=\"https:\/\/mchairtransplant.com\/index.php\/team\/linda-woods\/\" aria-hidden=\"true\"><img loading=\"lazy\" decoding=\"async\" width=\"370\" height=\"370\" src=\"https:\/\/mchairtransplant.com\/wp-content\/uploads\/2017\/04\/image-45-370x370.jpg\" class=\"attachment-trx_addons-thumb-avatar size-trx_addons-thumb-avatar wp-post-image\" alt=\"Ay\u015fe G\u00dcNDA\u011e\" srcset=\"https:\/\/mchairtransplant.com\/wp-content\/uploads\/2017\/04\/image-45-370x370.jpg 370w, https:\/\/mchairtransplant.com\/wp-content\/uploads\/2017\/04\/image-45-150x150.jpg 150w, https:\/\/mchairtransplant.com\/wp-content\/uploads\/2017\/04\/image-45-115x115.jpg 115w, https:\/\/mchairtransplant.com\/wp-content\/uploads\/2017\/04\/image-45-600x600.jpg 600w, https:\/\/mchairtransplant.com\/wp-content\/uploads\/2017\/04\/image-45-100x100.jpg 100w\" sizes=\"auto, (max-width: 370px) 100vw, 370px\" \/><\/a>\n\t\t\t\t\t<div class=\"trx_addons_hover_content\"><div class=\"sc_team_item_socials socials_wrap trx_addons_hover_info\"><a target=\"_blank\" href=\"https:\/\/twitter.com\/themes_ancora\" class=\"social_item social_item_style_icons social_item_type_icons\"><span class=\"social_icon social_twitter-1\"><span class=\"icon-twitter-1\"><\/span><\/span><\/a><a target=\"_blank\" href=\"https:\/\/www.facebook.com\/AncoraThemes\/\" class=\"social_item social_item_style_icons social_item_type_icons\"><span class=\"social_icon social_facebook\"><span class=\"icon-facebook\"><\/span><\/span><\/a><a target=\"_blank\" href=\"https:\/\/www.instagram.com\/ancora_themes\/\" class=\"social_item social_item_style_icons social_item_type_icons\"><span class=\"social_icon social_instagramm\"><span class=\"icon-instagramm\"><\/span><\/span><\/a><\/div><\/div><div class=\"trx_addons_hover_mask\"><\/div><\/div>\t<div class=\"sc_team_item_info\">\n\t\t<div class=\"sc_team_item_header\">\n\t\t\t<h4 class=\"sc_team_item_title\"><a href=\"https:\/\/mchairtransplant.com\/index.php\/team\/linda-woods\/\">Ay\u015fe G\u00dcNDA\u011e<\/a><\/h4>\n\t\t\t<div class=\"sc_team_item_subtitle\">Trichologist<\/div>\n\t\t<\/div>\n\t<\/div>\n<\/div>\n<\/div><div class=\"trx_addons_column-1_3\"><div class=\"sc_team_item\">\n\t<div class=\"post_featured sc_team_item_thumb trx_addons_hover trx_addons_hover_style_info\">\n\t\t\t\t\t\t\t\t\t\t<a href=\"https:\/\/mchairtransplant.com\/index.php\/team\/mark-stivenson\/\" aria-hidden=\"true\"><img loading=\"lazy\" decoding=\"async\" width=\"370\" height=\"370\" src=\"https:\/\/mchairtransplant.com\/wp-content\/uploads\/2017\/04\/image-46-370x370.jpg\" class=\"attachment-trx_addons-thumb-avatar size-trx_addons-thumb-avatar wp-post-image\" alt=\"Mert Demirk\u0131ran\" srcset=\"https:\/\/mchairtransplant.com\/wp-content\/uploads\/2017\/04\/image-46-370x370.jpg 370w, https:\/\/mchairtransplant.com\/wp-content\/uploads\/2017\/04\/image-46-150x150.jpg 150w, https:\/\/mchairtransplant.com\/wp-content\/uploads\/2017\/04\/image-46-115x115.jpg 115w, https:\/\/mchairtransplant.com\/wp-content\/uploads\/2017\/04\/image-46-600x600.jpg 600w, https:\/\/mchairtransplant.com\/wp-content\/uploads\/2017\/04\/image-46-100x100.jpg 100w\" sizes=\"auto, (max-width: 370px) 100vw, 370px\" \/><\/a>\n\t\t\t\t\t<div class=\"trx_addons_hover_content\"><div class=\"sc_team_item_socials socials_wrap trx_addons_hover_info\"><a target=\"_blank\" href=\"https:\/\/twitter.com\/themes_ancora\" class=\"social_item social_item_style_icons social_item_type_icons\"><span class=\"social_icon social_twitter-1\"><span class=\"icon-twitter-1\"><\/span><\/span><\/a><a target=\"_blank\" href=\"https:\/\/www.facebook.com\/AncoraThemes\/\" class=\"social_item social_item_style_icons social_item_type_icons\"><span class=\"social_icon social_facebook\"><span class=\"icon-facebook\"><\/span><\/span><\/a><a target=\"_blank\" href=\"https:\/\/www.instagram.com\/ancora_themes\/\" class=\"social_item social_item_style_icons social_item_type_icons\"><span class=\"social_icon social_instagramm\"><span class=\"icon-instagramm\"><\/span><\/span><\/a><\/div><\/div><div class=\"trx_addons_hover_mask\"><\/div><\/div>\t<div class=\"sc_team_item_info\">\n\t\t<div class=\"sc_team_item_header\">\n\t\t\t<h4 class=\"sc_team_item_title\"><a href=\"https:\/\/mchairtransplant.com\/index.php\/team\/mark-stivenson\/\">Mert Demirk\u0131ran<\/a><\/h4>\n\t\t\t<div class=\"sc_team_item_subtitle\">Trichologist<\/div>\n\t\t<\/div>\n\t<\/div>\n<\/div>\n<\/div><\/div><\/div><!-- \/.sc_team -->[\/vc_column][\/vc_row][vc_row full_width=&#8221;stretch_row_content_no_spaces&#8221;][vc_column icons_position=&#8221;left&#8221;]<div  id=\"sc_promo_268778579\" \n\tclass=\"sc_promo color_style_default sc_promo_default sc_promo_size_small sc_promo_image_position_left\"><div class=\"sc_promo_image\" style=\"background-image:url(https:\/\/mchairtransplant.com\/wp-content\/uploads\/2026\/02\/karsilama.jpeg);width:100%;left: 0;\"><div class=\"sc_promo_short_description\">Ask me!<\/div><\/div><div class=\"sc_promo_text\" style=\"width: 0%;float: right;\">\n\t\t\t<div class=\"sc_promo_text_inner sc_align_left sc_content_width_0%\" style=\"\"><div class=\"sc_promo_content sc_item_content\">[vc_column_text css=&#8221;&#8221; scheme=&#8221;dark&#8221;]<\/p>\n<h2>Notice MC Hair Transplant ?<\/h2>\n<p>[\/vc_column_text][vc_column_text css=&#8221;&#8221; scheme=&#8221;dark&#8221;]<span class=\"trx_addons_great_vibes_min trx_addons_great_vibes\">ask a professional!<\/span>[\/vc_column_text]<a href=\"https:\/\/mchairtransplant.com\/index.php\/faq\/ \"target=\"_self\" id=\"sc_button_88865250\" class=\"sc_button color_style_default sc_button_default  vc_custom_1771341767399 sc_button_size_normal sc_button_icon_left\"><span class=\"sc_button_text\"><span class=\"sc_button_title\">visit faq page<\/span><\/span><!-- \/.sc_button_text --><\/a><!-- \/.sc_button --><\/div><\/div>\n\t\t<\/div><!-- \/.sc_promo_text --><\/div><!-- \/.sc_promo -->[\/vc_column][\/vc_row][vc_row css=&#8221;.vc_custom_1498481210961{padding-top: 7.8em !important;padding-bottom: 6.8em !important;}&#8221;][vc_column width=&#8221;1\/2&#8243; icons_position=&#8221;left&#8221;]<div id=\"sc_icons_633583870\" \n\tclass=\"sc_icons sc_icons_default sc_icons_size_small sc_align_left\"><h6 class=\"sc_item_subtitle sc_icons_subtitle sc_align_left sc_item_title_style_default\">contact us<\/h6><h2 class=\"sc_item_title sc_icons_title sc_align_left sc_item_title_style_default sc_item_title_tag\">Contact Info<\/h2><div class=\"sc_icons_columns_wrap sc_item_columns trx_addons_columns_wrap columns_padding_bottom\"><div class=\"trx_addons_column-1_2\"><div class=\"sc_icons_item\"><div id=\"sc_icons_633583870_icon-location\" class=\"sc_icons_icon sc_icon_type_ icon-location\"\n\t\t\t\t\t\t\t\t\t\t\t\t><span class=\"sc_icon_type_ icon-location\"><\/span><\/div><h4 class=\"sc_icons_item_title\"><span>Address 1<\/span><\/h4><div class=\"sc_icons_item_description\"><span>No 60 Lobito Crescent Wuse 2 Kat 2 Abuja, Nigeria 900288<\/span><\/div><\/div><\/div><div class=\"trx_addons_column-1_2\"><div class=\"sc_icons_item\"><div id=\"sc_icons_633583870_icon-location\" class=\"sc_icons_icon sc_icon_type_ icon-location\"\n\t\t\t\t\t\t\t\t\t\t\t\t><span class=\"sc_icon_type_ icon-location\"><\/span><\/div><h4 class=\"sc_icons_item_title\"><span>Address 2<\/span><\/h4><div class=\"sc_icons_item_description\"><span>Abuja Office<\/span><\/div><\/div><\/div><div class=\"trx_addons_column-1_2\"><div class=\"sc_icons_item\"><div id=\"sc_icons_633583870_icon-phone\" class=\"sc_icons_icon sc_icon_type_ icon-phone\"\n\t\t\t\t\t\t\t\t\t\t\t\t><span class=\"sc_icon_type_ icon-phone\"><\/span><\/div><h4 class=\"sc_icons_item_title\"><span>Call us<\/span><\/h4><div class=\"sc_icons_item_description\"><span><a href=\"tel:+234 814 613 33 33\">+234 814 613 33 33<\/a><\/span><\/div><\/div><\/div><div class=\"trx_addons_column-1_2\"><div class=\"sc_icons_item\"><div id=\"sc_icons_633583870_icon-pencil\" class=\"sc_icons_icon sc_icon_type_ icon-pencil\"\n\t\t\t\t\t\t\t\t\t\t\t\t><span class=\"sc_icon_type_ icon-pencil\"><\/span><\/div><h4 class=\"sc_icons_item_title\"><span>Email<\/span><\/h4><div class=\"sc_icons_item_description\"><span><a href=\"mailto:info@mchairtransplant.com\">info@mchairtransplant.com<\/a><\/span><\/div><\/div><\/div><\/div><\/div><!-- \/.sc_icons -->[\/vc_column][vc_column width=&#8221;1\/2&#8243; icons_position=&#8221;left&#8221;]<div id=\"sc_googlemap_721239454_wrap\" class=\"sc_googlemap_wrap\"><div id=\"sc_googlemap_721239454\"\n\t\t\tclass=\"sc_googlemap sc_googlemap_default\"\n\t\t\t style=\"width:100%;height:360px;\"\t\t\tdata-zoom=\"12\"\n\t\t\tdata-style=\"light\"\n\t\t\tdata-cluster-icon=\"\"\n\n\t\t\t><iframe\n\t\t\t\t\tsrc=\"https:\/\/maps.google.com\/maps?t=m&output=embed&iwloc=near&z=12&q=60+Lobito+Crescent+Wuse+2%2C+2nd+Floor+Abuja%2C+Nigeria+900288\"\n\t\t\t\t\tscrolling=\"no\"\n\t\t\t\t\tmarginheight=\"0\"\n\t\t\t\t\tmarginwidth=\"0\"\n\t\t\t\t\tframeborder=\"0\"\n\t\t\t\t\taria-label=\"\"><\/iframe><\/div><\/div><!-- \/.sc_googlemap_wrap -->[\/vc_column][\/vc_row]<\/p>\n<\/div>","protected":false},"excerpt":{"rendered":"<p>[vc_row css=&#8221;.vc_custom_1499255848603{padding-top: 7.8em !important;padding-bottom: 5.8em !important;}&#8221;][vc_column width=&#8221;1\/2&#8243; icons_position=&#8221;left&#8221; css=&#8221;.vc_custom_1499255854726{margin-bottom: 2em !important;padding-right: 10% !important;}&#8221;][\/vc_column][vc_column width=&#8221;1\/2&#8243; icons_position=&#8221;left&#8221; css=&#8221;.vc_custom_1499255858926{margin-bottom: 2em !important;}&#8221;][vc_single_image image=&#8221;1323&#8243; img_size=&#8221;full&#8221; css=&#8221;&#8221;][\/vc_column][\/vc_row][vc_row full_width=&#8221;stretch_row_content_no_spaces&#8221;][vc_column icons_position=&#8221;left&#8221;][\/vc_column][\/vc_row][vc_row css=&#8221;.vc_custom_1498482032573{padding-top: 7.8em !important;padding-bottom: 6.8em !important;}&#8221;][vc_column][\/vc_column][\/vc_row][vc_row full_width=&#8221;stretch_row_content_no_spaces&#8221;][vc_column icons_position=&#8221;left&#8221;][\/vc_column][\/vc_row][vc_row css=&#8221;.vc_custom_1498481210961{padding-top: 7.8em !important;padding-bottom: 6.8em !important;}&#8221;][vc_column width=&#8221;1\/2&#8243; icons_position=&#8221;left&#8221;][\/vc_column][vc_column width=&#8221;1\/2&#8243; icons_position=&#8221;left&#8221;][\/vc_column][\/vc_row]<\/p>\n","protected":false},"author":1,"featured_media":0,"parent":0,"menu_order":0,"comment_status":"closed","ping_status":"closed","template":"","meta":{"footnotes":""},"class_list":["post-7","page","type-page","status-publish","hentry"],"_links":{"self":[{"href":"https:\/\/mchairtransplant.com\/index.php\/wp-json\/wp\/v2\/pages\/7","targetHints":{"allow":["GET"]}}],"collection":[{"href":"https:\/\/mchairtransplant.com\/index.php\/wp-json\/wp\/v2\/pages"}],"about":[{"href":"https:\/\/mchairtransplant.com\/index.php\/wp-json\/wp\/v2\/types\/page"}],"author":[{"embeddable":true,"href":"https:\/\/mchairtransplant.com\/index.php\/wp-json\/wp\/v2\/users\/1"}],"replies":[{"embeddable":true,"href":"https:\/\/mchairtransplant.com\/index.php\/wp-json\/wp\/v2\/comments?post=7"}],"version-history":[{"count":25,"href":"https:\/\/mchairtransplant.com\/index.php\/wp-json\/wp\/v2\/pages\/7\/revisions"}],"predecessor-version":[{"id":1405,"href":"https:\/\/mchairtransplant.com\/index.php\/wp-json\/wp\/v2\/pages\/7\/revisions\/1405"}],"wp:attachment":[{"href":"https:\/\/mchairtransplant.com\/index.php\/wp-json\/wp\/v2\/media?parent=7"}],"curies":[{"name":"wp","href":"https:\/\/api.w.org\/{rel}","templated":true}]}}